{"id":362,"date":"2026-03-04T08:22:26","date_gmt":"2026-03-04T07:22:26","guid":{"rendered":"https:\/\/prinzip3d.de\/frangipani\/beispiel-seite\/"},"modified":"2026-03-15T13:50:32","modified_gmt":"2026-03-15T12:50:32","slug":"beispiel-seite","status":"publish","type":"page","link":"https:\/\/prinzip3d.de\/frangipani\/beispiel-seite\/?lang=es","title":{"rendered":"\u00a1Bienvenido y Bon Bini!"},"content":{"rendered":"\n<p>\u00bfEs posible sentirte como en casa de inmediato en tus vacaciones? S\u00ed, con nosotros, sin duda: <br\/>Nuestro complejo est\u00e1 situado al este de Willemstad, en Spanish Water, en Jan Sofat \u2013 una zona residencial con acceso privado \u2013 y te encantar\u00e1 por su encanto familiar y su tama\u00f1o acogedor. La propiedad ofrece muchos espacios para la intimidad y, al mismo tiempo, tantas \u00e1reas comunes que con nosotros podr\u00e1s disfrutar de tus vacaciones de forma relajada.<\/p>\n\n<p><\/p>\n","protected":false},"excerpt":{"rendered":"<p>\u00bfEs posible sentirte como en casa de inmediato en tus vacaciones? S\u00ed, con nosotros, sin duda: Nuestro complejo est\u00e1 situado al este de Willemstad, en Spanish Water, en Jan Sofat \u2013 una zona residencial con acceso privado \u2013 y te encantar\u00e1 por su encanto familiar y su tama\u00f1o acogedor. La propiedad ofrece muchos espacios para [&hellip;]<\/p>\n","protected":false},"author":1,"featured_media":0,"parent":0,"menu_order":0,"comment_status":"closed","ping_status":"open","template":"","meta":{"footnotes":""},"class_list":["post-362","page","type-page","status-publish","hentry"],"_links":{"self":[{"href":"https:\/\/prinzip3d.de\/frangipani\/wp-json\/wp\/v2\/pages\/362","targetHints":{"allow":["GET"]}}],"collection":[{"href":"https:\/\/prinzip3d.de\/frangipani\/wp-json\/wp\/v2\/pages"}],"about":[{"href":"https:\/\/prinzip3d.de\/frangipani\/wp-json\/wp\/v2\/types\/page"}],"author":[{"embeddable":true,"href":"https:\/\/prinzip3d.de\/frangipani\/wp-json\/wp\/v2\/users\/1"}],"replies":[{"embeddable":true,"href":"https:\/\/prinzip3d.de\/frangipani\/wp-json\/wp\/v2\/comments?post=362"}],"version-history":[{"count":2,"href":"https:\/\/prinzip3d.de\/frangipani\/wp-json\/wp\/v2\/pages\/362\/revisions"}],"predecessor-version":[{"id":368,"href":"https:\/\/prinzip3d.de\/frangipani\/wp-json\/wp\/v2\/pages\/362\/revisions\/368"}],"wp:attachment":[{"href":"https:\/\/prinzip3d.de\/frangipani\/wp-json\/wp\/v2\/media?parent=362"}],"curies":[{"name":"wp","href":"https:\/\/api.w.org\/{rel}","templated":true}]}}