{"id":382,"date":"2026-03-05T09:13:45","date_gmt":"2026-03-05T08:13:45","guid":{"rendered":"https:\/\/prinzip3d.de\/frangipani\/contacto\/"},"modified":"2026-03-18T17:02:37","modified_gmt":"2026-03-18T16:02:37","slug":"contacto","status":"publish","type":"page","link":"https:\/\/prinzip3d.de\/frangipani\/contacto\/?lang=es","title":{"rendered":"Contacto"},"content":{"rendered":"\n<h3 class=\"wp-block-heading\">Cont\u00e1ctanos<\/h3>\n\n<p>\u00bfTienes alguna pregunta o necesitas asesoramiento personal sobre cu\u00e1l de nuestros alojamientos vacacionales es el m\u00e1s adecuado para tu estancia con nosotros? Entonces, no dudes en ponerte en contacto a trav\u00e9s de nuestro formulario de contacto o ll\u00e1manos directamente. \u00a1Estaremos encantados de recibir tu consulta!<\/p>\n\n<p>Email: contact@curcao-frangipani-apartments.de<\/p>\n\n<p>Direcci\u00f3n: Jan Sofat North 29 I Willemstad, Curazao I Antillas Neerlandesas<\/p>\n","protected":false},"excerpt":{"rendered":"<p>Cont\u00e1ctanos \u00bfTienes alguna pregunta o necesitas asesoramiento personal sobre cu\u00e1l de nuestros alojamientos vacacionales es el m\u00e1s adecuado para tu estancia con nosotros? Entonces, no dudes en ponerte en contacto a trav\u00e9s de nuestro formulario de contacto o ll\u00e1manos directamente. \u00a1Estaremos encantados de recibir tu consulta! Email: contact@curcao-frangipani-apartments.de Direcci\u00f3n: Jan Sofat North 29 I Willemstad, [&hellip;]<\/p>\n","protected":false},"author":1,"featured_media":645,"parent":0,"menu_order":0,"comment_status":"closed","ping_status":"closed","template":"templates\/page-kontakt.php","meta":{"footnotes":""},"class_list":["post-382","page","type-page","status-publish","has-post-thumbnail","hentry"],"_links":{"self":[{"href":"https:\/\/prinzip3d.de\/frangipani\/wp-json\/wp\/v2\/pages\/382","targetHints":{"allow":["GET"]}}],"collection":[{"href":"https:\/\/prinzip3d.de\/frangipani\/wp-json\/wp\/v2\/pages"}],"about":[{"href":"https:\/\/prinzip3d.de\/frangipani\/wp-json\/wp\/v2\/types\/page"}],"author":[{"embeddable":true,"href":"https:\/\/prinzip3d.de\/frangipani\/wp-json\/wp\/v2\/users\/1"}],"replies":[{"embeddable":true,"href":"https:\/\/prinzip3d.de\/frangipani\/wp-json\/wp\/v2\/comments?post=382"}],"version-history":[{"count":1,"href":"https:\/\/prinzip3d.de\/frangipani\/wp-json\/wp\/v2\/pages\/382\/revisions"}],"predecessor-version":[{"id":383,"href":"https:\/\/prinzip3d.de\/frangipani\/wp-json\/wp\/v2\/pages\/382\/revisions\/383"}],"wp:featuredmedia":[{"embeddable":true,"href":"https:\/\/prinzip3d.de\/frangipani\/wp-json\/wp\/v2\/media\/645"}],"wp:attachment":[{"href":"https:\/\/prinzip3d.de\/frangipani\/wp-json\/wp\/v2\/media?parent=382"}],"curies":[{"name":"wp","href":"https:\/\/api.w.org\/{rel}","templated":true}]}}