{"id":391,"date":"2026-03-05T09:13:31","date_gmt":"2026-03-05T08:13:31","guid":{"rendered":"https:\/\/prinzip3d.de\/frangipani\/gastenboek\/"},"modified":"2026-03-15T13:58:32","modified_gmt":"2026-03-15T12:58:32","slug":"gastenboek","status":"publish","type":"page","link":"https:\/\/prinzip3d.de\/frangipani\/gastenboek\/?lang=es","title":{"rendered":"Libro de visitas"},"content":{"rendered":"\n<h5 class=\"wp-block-heading\">Comparte tu opini\u00f3n con nosotros<\/h5>\n\n<p>\u00bfDisfrutaste de tu estancia en nuestro resort? Comparte tus experiencias de viaje, esperamos tu opini\u00f3n. Puedes encontrar algunas opiniones de nuestros hu\u00e9spedes en Holidaycheck y Tripadvisor.<\/p>\n<div class=\"gwolle-gb\"><div class=\"gwolle-gb-messages-top-container\"><\/div>\n\t\t\t<div class=\"gwolle-gb-write-button\">\n\t\t\t\t<input type=\"button\" name=\"gwolle-gb-write-button\" class=\"button btn btn-default \" value=\"Neuen Eintrag schreiben\" aria-expanded=\"false\" \/>\n\t\t\t<\/div>\n\t\t\t<form action=\"#\" method=\"POST\" class=\"gwolle-gb-write gwolle-gb-hide gwolle-gb-float gwolle-gb-form-ajax gwolle-gb-ajax gwolle-gb-not-logged-in\">\n\t\t\t\t<h3>Einen neuen Eintrag f\u00fcr das G\u00e4stebuch schreiben<\/h3>\n\t\t\t\t<button type=\"button\" class=\"gb-notice-dismiss\">x<span class=\"screen-reader-text\">Dieses Formular ausblenden<\/span><\/button>\n\t\t\t\n\t\t\t\t<input type=\"hidden\" name=\"gwolle_gb_function\" class=\"gwolle_gb_function\" value=\"add_entry\" \/><input type=\"hidden\" name=\"gwolle_gb_book_id\" class=\"gwolle_gb_book_id\" value=\"1\" \/><div class=\"gwolle_gb_f7979dbc293acc60b67bb0555aefa43d\">\n\t\t\t\t<div class=\"label\"><label for=\"gwolle_gb_f7979dbc293acc60b67bb0555aefa43d-1\" class=\"text-info\">Name <span class=\"required\">*<\/span><\/label><\/div>\n\t\t\t\t<div class=\"input\"><input class=\"wp-exclude-emoji gwolle_gb_f7979dbc293acc60b67bb0555aefa43d\" value=\"\" type=\"text\" id=\"gwolle_gb_f7979dbc293acc60b67bb0555aefa43d-1\" name=\"gwolle_gb_f7979dbc293acc60b67bb0555aefa43d\" required \/><\/div>\n\t\t\t\t<div class=\"clearBoth\">&nbsp;<\/div>\n\t\t\t<\/div><div class=\"gwolle_gb_497ed9f4c43dda4ce85c43b7a9d4f96b\">\n\t\t\t\t<div class=\"label\"><label for=\"gwolle_gb_497ed9f4c43dda4ce85c43b7a9d4f96b-1\" class=\"text-info\">E-Mail <span class=\"required\">*<\/span><\/label><\/div>\n\t\t\t\t<div class=\"input\"><input class=\"gwolle_gb_497ed9f4c43dda4ce85c43b7a9d4f96b\" value=\"\" type=\"email\" id=\"gwolle_gb_497ed9f4c43dda4ce85c43b7a9d4f96b-1\" name=\"gwolle_gb_497ed9f4c43dda4ce85c43b7a9d4f96b\" required \/><\/div>\n\t\t\t\t<div class=\"clearBoth\">&nbsp;<\/div>\n\t\t\t<\/div>\n\t\t\t<div class=\"gwolle_gb_0f37a11db6a66ec7f74b36dbc57a8be5\" style=\"display:none;overflow:hidden;\" hidden=\"true\" aria-hidden=\"true\">\n\t\t\t\t<div class=\"label\">\n\t\t\t\t\t<label for=\"gwolle_gb_0f37a11db6a66ec7f74b36dbc57a8be5-1\" class=\"text-primary\">Hier nichts eingeben<\/label>\n\t\t\t\t\t<label for=\"gwolle_gb_3b811da8e15dcc44a0e83020836cbbe7-1\" class=\"text-primary\">Hier nichts eingeben<\/label>\n\t\t\t\t<\/div>\n\t\t\t\t<div class=\"input\">\n\t\t\t\t\t<input value=\"4\" type=\"text\" id=\"gwolle_gb_0f37a11db6a66ec7f74b36dbc57a8be5-1\" name=\"gwolle_gb_0f37a11db6a66ec7f74b36dbc57a8be5\" class=\"gwolle_gb_0f37a11db6a66ec7f74b36dbc57a8be5\" style=\"transform: translateY(10000px);\" \/>\n\t\t\t\t\t<input value=\"\" type=\"text\" name=\"gwolle_gb_3b811da8e15dcc44a0e83020836cbbe7\" id=\"gwolle_gb_3b811da8e15dcc44a0e83020836cbbe7-1\" class=\"gwolle_gb_3b811da8e15dcc44a0e83020836cbbe7\" style=\"transform: translateY(10000px);\" \/>\n\t\t\t\t<\/div>\n\t\t\t\t<div class=\"clearBoth\"><\/div>\n\t\t\t<\/div>\n\t\t\t<div class=\"gwolle_gb_da9322f9c905b1c2588399cfde4655f3\" style=\"display:none;overflow:hidden;\" hidden=\"true\" aria-hidden=\"true\">\n\t\t\t\t<div class=\"label\">\n\t\t\t\t\t<label for=\"gwolle_gb_da9322f9c905b1c2588399cfde4655f3-1\" class=\"text-primary\">Hier nichts eingeben<\/label>\n\t\t\t\t\t<label for=\"gwolle_gb_8b91c9b51671a2ad390324b643a30bc9-1\" class=\"text-primary\">Hier nichts eingeben<\/label>\n\t\t\t\t<\/div>\n\t\t\t\t<div class=\"input\">\n\t\t\t\t\t<input value=\"5009\" type=\"text\" id=\"gwolle_gb_da9322f9c905b1c2588399cfde4655f3-1\" name=\"gwolle_gb_da9322f9c905b1c2588399cfde4655f3\" class=\"gwolle_gb_da9322f9c905b1c2588399cfde4655f3\" style=\"transform: translateY(10000px);\" \/>\n\t\t\t\t\t<input value=\"5009\" type=\"text\"id=\"gwolle_gb_8b91c9b51671a2ad390324b643a30bc9-1\" name=\"gwolle_gb_8b91c9b51671a2ad390324b643a30bc9\" class=\"gwolle_gb_8b91c9b51671a2ad390324b643a30bc9\" style=\"transform: translateY(10000px);\" \/>\n\t\t\t\t<\/div>\n\t\t\t\t<div class=\"clearBoth\"><\/div>\n\t\t\t<\/div><div class=\"gwolle_gb_content\">\n\t\t\t\t<div class=\"label\"><label for=\"gwolle_gb_content-1\" class=\"text-info\">G\u00e4stebucheintrag <span class=\"required\">*<\/span><\/label><\/div>\n\t\t\t\t<div class=\"input\"><textarea id=\"gwolle_gb_content-1\" name=\"gwolle_gb_content\" class=\"gwolle_gb_content wp-exclude-emoji\" required ><\/textarea><\/div>\n\t\t\t\t\t<div class=\"clearBoth\">&nbsp;<\/div>\n\t\t\t\t<\/div><input type=\"hidden\" class=\"gwolle_gb_91a31606bb3b0f983aa24fc0cbefa07a\" id=\"gwolle_gb_91a31606bb3b0f983aa24fc0cbefa07a-1\" name=\"gwolle_gb_91a31606bb3b0f983aa24fc0cbefa07a\" value=\"60fc77ddf2\" \/>\n\t\t\t<div class=\"gwolle-gb-messages-bottom-container\"><\/div>\n\n\t\t\t<noscript><div class=\"no-js\">Warnung: Dieses Formular kann nur verwendet werden, wenn in deinem Browser JavaScript aktiviert ist.<\/div><\/noscript>\n\n\t\t\t<div class=\"gwolle_gb_submit gwolle-gb-submit\">\n\t\t\t\t<div class=\"label gwolle-gb-invisible text-muted\">&nbsp;<\/div>\n\t\t\t\t<div class=\"input\">\n\t\t\t\t\t<input type=\"submit\" name=\"gwolle_gb_submit\" class=\"gwolle_gb_submit button btn btn-primary \" value=\"Absenden\" \/>\n\t\t\t\t\t<span class=\"gwolle_gb_submit_ajax_icon gwolle-gb-submit-ajax-icon\"><\/span>\n\t\t\t\n\t\t\t\t<\/div>\n\t\t\t\t<div class=\"clearBoth\">&nbsp;<\/div>\n\t\t\t<\/div>\n\n\t\t\t<div class=\"gwolle_gb_notice gwolle-gb-notice\">\n\t\t\t\tMit * gekennzeichnete Felder sind erforderlich. Deine E-Mail-Adresse wird nicht ver\u00f6ffentlicht. Es ist m\u00f6glich, dass dein Eintrag im G\u00e4stebuch erst sichtbar ist, nachdem wir ihn \u00fcberpr\u00fcft haben. Wir behalten uns vor, Eintr\u00e4ge zu bearbeiten, zu l\u00f6schen oder nicht zu ver\u00f6ffentlichen.\n\t\t\t<\/div><\/form><div class=\"gwolle-gb-read gwolle-gb-ajax gwolle-gb-entries-list\" data-book_id=\"1\" data-page_id=\"1\">\n\t\t<div id=\"gwolle-gb-total\" class=\"gwolle-gb-total\">11 Eintr\u00e4ge<\/div><!-- Gwolle-GB Entry: Default Template Loaded -->\n\t\t\t\t<div class=\"gb-entry gb-entry_11 gb-entry-count_1 gwolle-gb-uneven gwolle-gb-first\" id=\"gb-entry_11\" data-entry_id=\"11\">\n\t\t\t\t<article>\n\t\t\t\t\t<div class=\"gb-author-info\">\n\t\t\t\t\t\t<span class=\"gb-author-name\">Melanie und Manuela\n\t\t\t\t\t\t<\/span>\n\t\t\t\t\t<\/div>\n\t\t\t\t\t<div class=\"gb-entry-content\">Wir haben uns total auf diese wunderbare Apartmentanlage gefreut, unsere Erwartungen wurden sogar noch \u00fcbertroffen. Der tropische Garten, die Ruhe am Pool, diese vielen sch\u00f6nen und liebevollen Details dienten unserem Traumurlaub im Paradies. Wir haben uns herrlich entspannt und jede Minute genossen. Das Apartment war top ausgestattet und sauber. Die Lage ist perfekt, Str\u00e4nde, Shops etc. alles innerhalb von 5-10 Autominuten erreichbar.Thoralfs super netter Sohn Lon half uns jederzeit mit vielen Ausflugstipps und allen allt\u00e4glichen Dingen. Er war jederzeit ansprechbar. Lucy,die Katze ist uns sofort ans Herz gewachsen. Tiefen entspannt und gl\u00fccklich reisten wir ab und kommen definitiv wieder zur\u00fcck ins Frangipani Apartments!\n\t\t\t\t\t<\/div>\n\t\t\t\t<\/article>\n\t\t\t<\/div>\n\t\t\t<div class=\"gb-entry gb-entry_12 gb-entry-count_2 gwolle-gb-even\" id=\"gb-entry_12\" data-entry_id=\"12\">\n\t\t\t\t<article>\n\t\t\t\t\t<div class=\"gb-author-info\">\n\t\t\t\t\t\t<span class=\"gb-author-name\">Christian Graf\n\t\t\t\t\t\t<\/span>\n\t\t\t\t\t<\/div>\n\t\t\t\t\t<div class=\"gb-entry-content\">Wir wollen uns f\u00fcr die sehr sch\u00f6ne Zeit, welche wir in Ihrem Apartment verbringen durften, herzlich bedanken.\nDie Therapie war f\u00fcr Hannes ein voller Erfolg und wir konnten die restliche Zeit auf Curacao auch sehr genie\u00dfen.\nEinen besonderen Dank m\u00f6chten wir an Lon richten, der mit seinen Tipps und Empfehlungen uns einen angenehmen Aufenthalt erm\u00f6glichte.\n\t\t\t\t\t<\/div>\n\t\t\t\t<\/article>\n\t\t\t<\/div>\n\t\t\t<div class=\"gb-entry gb-entry_13 gb-entry-count_3 gwolle-gb-uneven\" id=\"gb-entry_13\" data-entry_id=\"13\">\n\t\t\t\t<article>\n\t\t\t\t\t<div class=\"gb-author-info\">\n\t\t\t\t\t\t<span class=\"gb-author-name\">Peter\n\t\t\t\t\t\t<\/span>\n\t\t\t\t\t<\/div>\n\t\t\t\t\t<div class=\"gb-entry-content\">Wir durften 12 Tage auf Curacao verbringen und waren Bestens untergebracht. Vielen Dank f\u00fcr die perfekte Betreuung vor Ort und die tolle Bootstour. Wir vermissen schon jetzt die Ruhe am Pool und nat\u00fcrlich das traumhafte Wetter, wir kommen auf jeden Fall zur\u00fcck.\n\t\t\t\t\t<\/div>\n\t\t\t\t<\/article>\n\t\t\t<\/div>\n\t\t\t<div class=\"gb-entry gb-entry_14 gb-entry-count_4 gwolle-gb-even\" id=\"gb-entry_14\" data-entry_id=\"14\">\n\t\t\t\t<article>\n\t\t\t\t\t<div class=\"gb-author-info\">\n\t\t\t\t\t\t<span class=\"gb-author-name\">Lydia Spie\u00df\n\t\t\t\t\t\t<\/span>\n\t\t\t\t\t<\/div>\n\t\t\t\t\t<div class=\"gb-entry-content\">Ich habe zum zweiten Mal meinen Urlaub in den Frangipani-Apartments verbracht. Es war nicht das letzte Mal. Dort kann man sich nur Wohlf\u00fchlen. So ist zum Beispiel Lon f\u00fcr jedes Anliegen und jede Frage offen und sehr freundlich und hilfsbereit. Katze Lucy muss man einfach lieben. Danke f\u00fcr die sch\u00f6ne Zeit \ud83d\ude0a\ud83d\ude17\n\t\t\t\t\t<\/div>\n\t\t\t\t<\/article>\n\t\t\t<\/div>\n\t\t\t<div class=\"gb-entry gb-entry_15 gb-entry-count_5 gwolle-gb-uneven\" id=\"gb-entry_15\" data-entry_id=\"15\">\n\t\t\t\t<article>\n\t\t\t\t\t<div class=\"gb-author-info\">\n\t\t\t\t\t\t<span class=\"gb-author-name\">Karin Dalhoff\n\t\t\t\t\t\t<\/span>\n\t\t\t\t\t<\/div>\n\t\t\t\t\t<div class=\"gb-entry-content\">Wir haben dieses Jahr zum 6x f\u00fcr 14 Tage unseren Urlaub im Coconut verbracht. Alles war wieder super..die Betreuung durch Lon, die tolle Bootstour mit der Susi,die kann man \u00fcber Lon buchen, das sch\u00f6ne saubere Appartment, der Pool, die Ruhe und vieles mehr. Wi\u0155 haben jetzt schon wieder Heimweh\ud83d\ude0a und wir werden auch n\u00e4chstes Jahr wiederkommen zum 7x das sagt doch alles, oder? \ud83d\ude03\ud83d\udc4d\ud83d\ude0d wir k\u00f6nnen die Frangipani Appartments nur weiterempfehlen Karin &amp; Uwe aus Ostfriesland\n\t\t\t\t\t<\/div>\n\t\t\t\t<\/article>\n\t\t\t<\/div>\n\t\t\t<div class=\"gb-entry gb-entry_16 gb-entry-count_6 gwolle-gb-even\" id=\"gb-entry_16\" data-entry_id=\"16\">\n\t\t\t\t<article>\n\t\t\t\t\t<div class=\"gb-author-info\">\n\t\t\t\t\t\t<span class=\"gb-author-name\">Kerstin u.Peter Kaeselitz\n\t\t\t\t\t\t<\/span>\n\t\t\t\t\t<\/div>\n\t\t\t\t\t<div class=\"gb-entry-content\">Vielen Dank f\u00fcr den herrlichen Urlaub.Wir haben uns bei Euch sehr wohl gef\u00fchlt.Super Anlage,geschmackvoll eingerichtete Appartments,sehr gem\u00fctlich.Wir haben sehr viel gesehen und erlebt.Ein Highlight unter vielen war der Ausflug nach Klein Curacao,herrlich.Es war eine sehr sch\u00f6ne Zeit,leider etwas zu kurz.\n\t\t\t\t\t<\/div>\n\t\t\t\t<\/article>\n\t\t\t<\/div>\n\t\t\t<div class=\"gb-entry gb-entry_17 gb-entry-count_7 gwolle-gb-uneven\" id=\"gb-entry_17\" data-entry_id=\"17\">\n\t\t\t\t<article>\n\t\t\t\t\t<div class=\"gb-author-info\">\n\t\t\t\t\t\t<span class=\"gb-author-name\">Fam. Brauer\n\t\t\t\t\t\t<\/span>\n\t\t\t\t\t<\/div>\n\t\t\t\t\t<div class=\"gb-entry-content\">Lieber Thoralf, lieber Lon, \r\nnun sind wir schon wieder seit einigen Wochen in unserem Alltag &#034;gefangen&#034; und m\u00f6chte auf diesem Weg Danke sagen f\u00fcr die wundersch\u00f6ne Zeit bei Euch. \r\nSehr gern schwelgen wir in Erinnerungen an die herzliche Gastfreundschaft, die vielen guten Tipps und nicht zuletzt die sch\u00f6ne Tour zur atemberaubenden Insel Klein Curacao. Wir haben das wunderbare Wetter, die freundlichen Menschen und die beeindruckende Unterwasserwelt sehr genossen. Schnorcheln auf Curacao ist der Hammer und es gibt einfach jeden Tag etwas Neues zu entdecken. Alle unseren guten W\u00fcnschen sollen Euch f\u00fcr die Zukunft begleiten und vielleicht sieht man sich noch einmal wieder. \r\nVielen Dank auch von Adam f\u00fcr das gro\u00dfz\u00fcgige Appartement.\n\t\t\t\t\t<\/div>\n\t\t\t\t<\/article>\n\t\t\t<\/div>\n\t\t\t<div class=\"gb-entry gb-entry_18 gb-entry-count_8 gwolle-gb-even\" id=\"gb-entry_18\" data-entry_id=\"18\">\n\t\t\t\t<article>\n\t\t\t\t\t<div class=\"gb-author-info\">\n\t\t\t\t\t\t<span class=\"gb-author-name\">Sabrina und Stefan\n\t\t\t\t\t\t<\/span>\n\t\t\t\t\t<\/div>\n\t\t\t\t\t<div class=\"gb-entry-content\">Hallo zusammen!\r\nNun ist es leider schon soweit und unsereFerien neigen sich dem Ende zu.Wir haben die zwei Wochen auf Curacao hier im &#034;Coconut&#034; sehr genossen und konnten uns so richtig erholen.\r\n Eure tolle Gastfreundschaft, die Tipps und die tolle Anlage haben viel dazu beigetragen.\r\nWir werden diese Ferien als etwas ganz Besonderes in Erinnerung behalten, zumal wir uns hier auch verlobt haben. :-)Wir w\u00fcnschen Euch f\u00fcr die Zukunft nur das Beste und viel Erfolg!\r\n&#034;uf Wiederluege&#034;\n\t\t\t\t\t<\/div>\n\t\t\t\t<\/article>\n\t\t\t<\/div>\n\t\t\t<div class=\"gb-entry gb-entry_19 gb-entry-count_9 gwolle-gb-uneven\" id=\"gb-entry_19\" data-entry_id=\"19\">\n\t\t\t\t<article>\n\t\t\t\t\t<div class=\"gb-author-info\">\n\t\t\t\t\t\t<span class=\"gb-author-name\">Giuli und Sebastian\n\t\t\t\t\t\t<\/span>\n\t\t\t\t\t<\/div>\n\t\t\t\t\t<div class=\"gb-entry-content\">Zuerst einmal m\u00f6chten wir Euch von ganzem Herzen danken, dass Ihr uns so herzlich aufgenommen habt und uns mit unglaublich tollen Ratschl\u00e4gen den Urlaub hier versch\u00f6nert habt. Wir haben uns hier einfach rundum wohl gef\u00fchlt und die Zeit hier war zu kurz. Deshalb steht fest, dass wir nochmal wiederkommen m\u00fcssen!Hoffentlich sehr bald.....Vielen, vielen Dank und alles Liebe w\u00fcnschen Euch Giuli und Sebastian\n\t\t\t\t\t<\/div>\n\t\t\t\t<\/article>\n\t\t\t<\/div>\n\t\t\t<div class=\"gb-entry gb-entry_20 gb-entry-count_10 gwolle-gb-even\" id=\"gb-entry_20\" data-entry_id=\"20\">\n\t\t\t\t<article>\n\t\t\t\t\t<div class=\"gb-author-info\">\n\t\t\t\t\t\t<span class=\"gb-author-name\">Alexander und Peter\n\t\t\t\t\t\t<\/span>\n\t\t\t\t\t<\/div>\n\t\t\t\t\t<div class=\"gb-entry-content\">Wir hatten wirklich eine wunderbare Zeit hier bei Euch auf Curacao! Die Unterkunft und Eure Gastfreundschaft waren wirklich hervorragend.Ein absoluter Gl\u00fccksgriff eben!Leider waren wir viel zu kurz hier um die Insel richtig kennenzulernen. Seht es als Drohung an, wir werden Euch auf jeden Fall weiterempfehlen und wenn m\u00f6glich auch selber wiederkommen!Wir w\u00fcnschen Euch f\u00fcr die Zukunft alles Gute, oder wie wir Brauer zu sagen pflegen:&#034;Hopfen und Malz, Gott erhalt&#039;s!&#034;\n\t\t\t\t\t<\/div>\n\t\t\t\t<\/article>\n\t\t\t<\/div>\n\t\t\t<div class=\"gb-entry gb-entry_21 gb-entry-count_11 gwolle-gb-uneven\" id=\"gb-entry_21\" data-entry_id=\"21\">\n\t\t\t\t<article>\n\t\t\t\t\t<div class=\"gb-author-info\">\n\t\t\t\t\t\t<span class=\"gb-author-name\">Klaus und Sabine\n\t\t\t\t\t\t<\/span>\n\t\t\t\t\t<\/div>\n\t\t\t\t\t<div class=\"gb-entry-content\">Die Frangipani Appartments sind eine wundersch\u00f6ne Anlage aus mehreren Appartments mit zentralem Pool. Die Appartments sind gro\u00dfz\u00fcgig und super ausgestattet. Die Appartments liegen im S\u00fcden von Willemsstadt, zentral in den Spanish Waters. Unsere Erwartungen wurden mehr als \u00fcbertroffen. Klaus und Sabine\n\t\t\t\t\t<\/div>\n\t\t\t\t<\/article>\n\t\t\t<\/div>\n\t\t\t<\/div><\/div>\n","protected":false},"excerpt":{"rendered":"<p>Comparte tu opini\u00f3n con nosotros \u00bfDisfrutaste de tu estancia en nuestro resort? Comparte tus experiencias de viaje, esperamos tu opini\u00f3n. Puedes encontrar algunas opiniones de nuestros hu\u00e9spedes en Holidaycheck y Tripadvisor.<\/p>\n","protected":false},"author":1,"featured_media":390,"parent":0,"menu_order":0,"comment_status":"closed","ping_status":"closed","template":"templates\/page-gaestebuch.php","meta":{"footnotes":""},"class_list":["post-391","page","type-page","status-publish","has-post-thumbnail","hentry"],"_links":{"self":[{"href":"https:\/\/prinzip3d.de\/frangipani\/wp-json\/wp\/v2\/pages\/391","targetHints":{"allow":["GET"]}}],"collection":[{"href":"https:\/\/prinzip3d.de\/frangipani\/wp-json\/wp\/v2\/pages"}],"about":[{"href":"https:\/\/prinzip3d.de\/frangipani\/wp-json\/wp\/v2\/types\/page"}],"author":[{"embeddable":true,"href":"https:\/\/prinzip3d.de\/frangipani\/wp-json\/wp\/v2\/users\/1"}],"replies":[{"embeddable":true,"href":"https:\/\/prinzip3d.de\/frangipani\/wp-json\/wp\/v2\/comments?post=391"}],"version-history":[{"count":3,"href":"https:\/\/prinzip3d.de\/frangipani\/wp-json\/wp\/v2\/pages\/391\/revisions"}],"predecessor-version":[{"id":394,"href":"https:\/\/prinzip3d.de\/frangipani\/wp-json\/wp\/v2\/pages\/391\/revisions\/394"}],"wp:featuredmedia":[{"embeddable":true,"href":"https:\/\/prinzip3d.de\/frangipani\/wp-json\/wp\/v2\/media\/390"}],"wp:attachment":[{"href":"https:\/\/prinzip3d.de\/frangipani\/wp-json\/wp\/v2\/media?parent=391"}],"curies":[{"name":"wp","href":"https:\/\/api.w.org\/{rel}","templated":true}]}}