{"id":637,"date":"2026-03-05T22:47:13","date_gmt":"2026-03-05T21:47:13","guid":{"rendered":"https:\/\/prinzip3d.de\/frangipani\/die-anlage\/"},"modified":"2026-03-05T22:47:13","modified_gmt":"2026-03-05T21:47:13","slug":"die-anlage","status":"publish","type":"page","link":"https:\/\/prinzip3d.de\/frangipani\/die-anlage\/?lang=es","title":{"rendered":"Die Anlage"},"content":{"rendered":"\n<h4 class=\"wp-block-heading\">\u00dcberblick Anlage<\/h4>\n\n\n\n<h2 class=\"wp-block-heading\">Details \u00fcber die Anlage<\/h2>\n\n\n\n<p>Unsere Ferienwohnungen sind mit viel Stil und hochwertigen Materialien eingerichtet. <\/p>\n\n\n\n<p>Im Garten schaffen indirekte Bodenstrahler stimmungsvolle Beleuchtung f\u00fcr Palmen und tropische Pflanzen. Rund um den chlorfreien 5\u00d712 m Pool mit moderner Salzelektrolyse-Technik l\u00e4dt eine neue Holzterrasse zum Barfu\u00dflaufen und Entspannen ein. <\/p>\n\n\n\n<p>Dank der optimalen Ausrichtung und gro\u00dfen Shutterfenster genie\u00dfen Sie jederzeit eine erfrischende Brise.<\/p>\n","protected":false},"excerpt":{"rendered":"<p>\u00dcberblick Anlage Details \u00fcber die Anlage Unsere Ferienwohnungen sind mit viel Stil und hochwertigen Materialien eingerichtet. Im Garten schaffen indirekte Bodenstrahler stimmungsvolle Beleuchtung f\u00fcr Palmen und tropische Pflanzen. Rund um den chlorfreien 5\u00d712 m Pool mit moderner Salzelektrolyse-Technik l\u00e4dt eine neue Holzterrasse zum Barfu\u00dflaufen und Entspannen ein. Dank der optimalen Ausrichtung und gro\u00dfen Shutterfenster genie\u00dfen [&hellip;]<\/p>\n","protected":false},"author":1,"featured_media":0,"parent":0,"menu_order":0,"comment_status":"closed","ping_status":"closed","template":"templates\/page-anlage.php","meta":{"footnotes":""},"class_list":["post-637","page","type-page","status-publish","hentry"],"_links":{"self":[{"href":"https:\/\/prinzip3d.de\/frangipani\/wp-json\/wp\/v2\/pages\/637","targetHints":{"allow":["GET"]}}],"collection":[{"href":"https:\/\/prinzip3d.de\/frangipani\/wp-json\/wp\/v2\/pages"}],"about":[{"href":"https:\/\/prinzip3d.de\/frangipani\/wp-json\/wp\/v2\/types\/page"}],"author":[{"embeddable":true,"href":"https:\/\/prinzip3d.de\/frangipani\/wp-json\/wp\/v2\/users\/1"}],"replies":[{"embeddable":true,"href":"https:\/\/prinzip3d.de\/frangipani\/wp-json\/wp\/v2\/comments?post=637"}],"version-history":[{"count":0,"href":"https:\/\/prinzip3d.de\/frangipani\/wp-json\/wp\/v2\/pages\/637\/revisions"}],"wp:attachment":[{"href":"https:\/\/prinzip3d.de\/frangipani\/wp-json\/wp\/v2\/media?parent=637"}],"curies":[{"name":"wp","href":"https:\/\/api.w.org\/{rel}","templated":true}]}}